{"id":177,"date":"2021-05-21T19:10:53","date_gmt":"2021-05-21T19:10:53","guid":{"rendered":"http:\/\/edikol.pl\/?page_id=177"},"modified":"2023-11-08T12:52:34","modified_gmt":"2023-11-08T12:52:34","slug":"realizowane-projekty","status":"publish","type":"page","link":"https:\/\/edikol.pl\/?page_id=177","title":{"rendered":"Realizowane projekty"},"content":{"rendered":"<p><img decoding=\"async\" loading=\"lazy\" src=\"https:\/\/edikol.pl\/wp-content\/uploads\/2023\/10\/edikol-tablica-informacyjna.jpg\" alt=\"Dofinansowanie projektu z UE: 292 500,00 PLN\" width=\"800\" height=\"566\" class=\"aligncenter size-full wp-image-246\" srcset=\"https:\/\/edikol.pl\/wp-content\/uploads\/2023\/10\/edikol-tablica-informacyjna.jpg 1290w, https:\/\/edikol.pl\/wp-content\/uploads\/2023\/10\/edikol-tablica-informacyjna-300x212.jpg 300w, https:\/\/edikol.pl\/wp-content\/uploads\/2023\/10\/edikol-tablica-informacyjna-1024x724.jpg 1024w, https:\/\/edikol.pl\/wp-content\/uploads\/2023\/10\/edikol-tablica-informacyjna-768x543.jpg 768w\" sizes=\"(max-width: 800px) 100vw, 800px\" \/><\/p>\n<p style=\"text-align:center\"><strong>POPRAWA WARUNK\u00d3W I ZWI\u0118KSZENIE BEZPIECZE\u0143STWA PRACY POPRZEZ REDUKCJ\u0118 NIEKORZYSTNEGO ODDZIA\u0141YWANIA CZYNNIKA UCI\u0104\u017bLIWEGO &#8211; O\u015aWIETLENIA ORAZ OGRANICZENIE OBCIA\u017bENIA UK\u0141ADU MI\u0118\u015aNIOWO-SZKIELETOWEGO.<\/strong><\/p>\n","protected":false},"excerpt":{"rendered":"<p>POPRAWA WARUNK\u00d3W I ZWI\u0118KSZENIE BEZPIECZE\u0143STWA PRACY POPRZEZ REDUKCJ\u0118 NIEKORZYSTNEGO ODDZIA\u0141YWANIA CZYNNIKA UCI\u0104\u017bLIWEGO &#8211; O\u015aWIETLENIA ORAZ OGRANICZENIE OBCIA\u017bENIA UK\u0141ADU MI\u0118\u015aNIOWO-SZKIELETOWEGO.<\/p>\n","protected":false},"author":2,"featured_media":0,"parent":0,"menu_order":0,"comment_status":"closed","ping_status":"closed","template":"","meta":{"footnotes":""},"_links":{"self":[{"href":"https:\/\/edikol.pl\/index.php?rest_route=\/wp\/v2\/pages\/177"}],"collection":[{"href":"https:\/\/edikol.pl\/index.php?rest_route=\/wp\/v2\/pages"}],"about":[{"href":"https:\/\/edikol.pl\/index.php?rest_route=\/wp\/v2\/types\/page"}],"author":[{"embeddable":true,"href":"https:\/\/edikol.pl\/index.php?rest_route=\/wp\/v2\/users\/2"}],"replies":[{"embeddable":true,"href":"https:\/\/edikol.pl\/index.php?rest_route=%2Fwp%2Fv2%2Fcomments&post=177"}],"version-history":[{"count":7,"href":"https:\/\/edikol.pl\/index.php?rest_route=\/wp\/v2\/pages\/177\/revisions"}],"predecessor-version":[{"id":257,"href":"https:\/\/edikol.pl\/index.php?rest_route=\/wp\/v2\/pages\/177\/revisions\/257"}],"wp:attachment":[{"href":"https:\/\/edikol.pl\/index.php?rest_route=%2Fwp%2Fv2%2Fmedia&parent=177"}],"curies":[{"name":"wp","href":"https:\/\/api.w.org\/{rel}","templated":true}]}}