{"id":2,"date":"2016-09-02T13:01:31","date_gmt":"2016-09-02T13:01:31","guid":{"rendered":"http:\/\/edikol.pl\/wp\/?page_id=2"},"modified":"2021-06-30T16:55:22","modified_gmt":"2021-06-30T16:55:22","slug":"home","status":"publish","type":"page","link":"https:\/\/edikol.pl\/","title":{"rendered":"Strona g\u0142\u00f3wna"},"content":{"rendered":"<h2>Edikol Kola\u0144czyk Sp. J jest firm\u0105 rodzinn\u0105, istniejemy na ryku od roku 1996.<\/h2>\n<p>Jeste\u015bmy jednym z wiod\u0105cych producent\u00f3w rur i profili stalowych ze szwem. Nasze wyroby produkowane s\u0105 z blachy zimnowalcowanej z polskich hut.<\/p>\n<p>Rury i profile produkowane przez nas wykorzystywane s\u0105 do produkcji sprz\u0119tu sportowego, sanek, w\u00f3zk\u00f3w dzieci\u0119cych i lalkowych, p\u00f3\u0142ek i rega\u0142\u00f3w, krzese\u0142, kwietnik\u00f3w, suszarek, namiot\u00f3w.<\/p>\n<p>Nasza firma od lat cieszy si\u0119 dobr\u0105 opini\u0105 w\u015br\u00f3d kontrahent\u00f3w, na kt\u00f3r\u0105 zapracowali\u015bmy wysok\u0105 jako\u015bci\u0105, profesjonaln\u0105 obs\u0142ug\u0105 i elastycznym podej\u015bciem do klienta.<\/p>\n<p><img decoding=\"async\" loading=\"lazy\" class=\"aligncenter size-full wp-image-38\" style=\"padding: 30px 0;\" src=\"http:\/\/edikol.pl\/wp-content\/uploads\/2016\/09\/foto-edikol.png\" alt=\"foto-edikol\" width=\"451\" height=\"124\" srcset=\"https:\/\/edikol.pl\/wp-content\/uploads\/2016\/09\/foto-edikol.png 451w, https:\/\/edikol.pl\/wp-content\/uploads\/2016\/09\/foto-edikol-300x82.png 300w\" sizes=\"(max-width: 451px) 100vw, 451px\" \/><\/p>\n<p>Od czerwca 2005 roku firma Edikol funkcjonuje w nowej siedzibie, kt\u00f3ra stworzy\u0142a nowe mozliwo\u015bci rozwoju. Zwi\u0119kszyli\u015bmy zatrudnienie i poszerzyli\u015bmy asortyment produkowanych wyrob\u00f3w.<\/p>\n","protected":false},"excerpt":{"rendered":"<p>Edikol Kola\u0144czyk Sp. J jest firm\u0105 rodzinn\u0105, istniejemy na ryku od roku 1996. Jeste\u015bmy jednym z wiod\u0105cych producent\u00f3w rur i profili stalowych ze szwem. Nasze wyroby produkowane s\u0105 z blachy zimnowalcowanej z polskich hut. Rury i profile produkowane przez nas wykorzystywane s\u0105 do produkcji sprz\u0119tu sportowego, sanek, w\u00f3zk\u00f3w dzieci\u0119cych i lalkowych, p\u00f3\u0142ek i rega\u0142\u00f3w, krzese\u0142, [&hellip;]<\/p>\n","protected":false},"author":1,"featured_media":0,"parent":0,"menu_order":1,"comment_status":"closed","ping_status":"closed","template":"","meta":{"footnotes":""},"_links":{"self":[{"href":"https:\/\/edikol.pl\/index.php?rest_route=\/wp\/v2\/pages\/2"}],"collection":[{"href":"https:\/\/edikol.pl\/index.php?rest_route=\/wp\/v2\/pages"}],"about":[{"href":"https:\/\/edikol.pl\/index.php?rest_route=\/wp\/v2\/types\/page"}],"author":[{"embeddable":true,"href":"https:\/\/edikol.pl\/index.php?rest_route=\/wp\/v2\/users\/1"}],"replies":[{"embeddable":true,"href":"https:\/\/edikol.pl\/index.php?rest_route=%2Fwp%2Fv2%2Fcomments&post=2"}],"version-history":[{"count":13,"href":"https:\/\/edikol.pl\/index.php?rest_route=\/wp\/v2\/pages\/2\/revisions"}],"predecessor-version":[{"id":204,"href":"https:\/\/edikol.pl\/index.php?rest_route=\/wp\/v2\/pages\/2\/revisions\/204"}],"wp:attachment":[{"href":"https:\/\/edikol.pl\/index.php?rest_route=%2Fwp%2Fv2%2Fmedia&parent=2"}],"curies":[{"name":"wp","href":"https:\/\/api.w.org\/{rel}","templated":true}]}}